{"id":1000,"date":"2026-02-14T05:15:59","date_gmt":"2026-02-14T05:15:59","guid":{"rendered":"https:\/\/xpipe.no\/?page_id=1000"},"modified":"2026-02-14T12:35:58","modified_gmt":"2026-02-14T12:35:58","slug":"om-xpipe","status":"publish","type":"page","link":"https:\/\/xpipe.no\/index.php\/nb\/om-xpipe\/","title":{"rendered":"Om Xpipe | Eksperter p\u00e5 r\u00f8rinspeksjon i Norge"},"content":{"rendered":"\t\t<div data-elementor-type=\"wp-page\" data-elementor-id=\"1000\" class=\"elementor elementor-1000\" data-elementor-post-type=\"page\">\n\t\t\t\t<div class=\"elementor-element elementor-element-21dd014 e-con-full e-flex e-con e-parent\" data-id=\"21dd014\" data-element_type=\"container\" data-e-type=\"container\" data-settings=\"{&quot;background_background&quot;:&quot;classic&quot;}\">\n\t\t<div class=\"elementor-element elementor-element-78bf37d7 e-flex e-con-boxed e-con e-child\" data-id=\"78bf37d7\" data-element_type=\"container\" data-e-type=\"container\">\n\t\t\t\t\t<div class=\"e-con-inner\">\n\t\t\t\t<div class=\"elementor-element elementor-element-377fc24f elementor-widget elementor-widget-heading\" data-id=\"377fc24f\" data-element_type=\"widget\" data-e-type=\"widget\" data-widget_type=\"heading.default\">\n\t\t\t\t\t<h2 class=\"elementor-heading-title elementor-size-default\">Om Xpipe<\/h2>\t\t\t\t<\/div>\n\t\t\t\t<div class=\"elementor-element elementor-element-117f0954 elementor-widget elementor-widget-button\" data-id=\"117f0954\" data-element_type=\"widget\" data-e-type=\"widget\" data-widget_type=\"button.default\">\n\t\t\t\t\t\t\t\t\t\t<a class=\"elementor-button elementor-button-link elementor-size-sm\" href=\"https:\/\/xpipe.no\/index.php\/nb\/kontakt\/\">\n\t\t\t\t\t\t<span class=\"elementor-button-content-wrapper\">\n\t\t\t\t\t\t\t\t\t<span class=\"elementor-button-text\">Kontakt oss<\/span>\n\t\t\t\t\t<\/span>\n\t\t\t\t\t<\/a>\n\t\t\t\t\t\t\t\t<\/div>\n\t\t\t\t\t<\/div>\n\t\t\t\t<\/div>\n\t\t\t\t<\/div>\n\t\t<div class=\"elementor-element elementor-element-e8c3a29 e-flex e-con-boxed e-con e-parent\" data-id=\"e8c3a29\" data-element_type=\"container\" data-e-type=\"container\">\n\t\t\t\t\t<div class=\"e-con-inner\">\n\t\t<div class=\"elementor-element elementor-element-cdb81fc e-con-full e-flex e-con e-child\" data-id=\"cdb81fc\" data-element_type=\"container\" data-e-type=\"container\">\n\t\t\t\t<div class=\"elementor-element elementor-element-a6fd200 elementor-widget elementor-widget-heading\" data-id=\"a6fd200\" data-element_type=\"widget\" data-e-type=\"widget\" data-widget_type=\"heading.default\">\n\t\t\t\t\t<h2 class=\"elementor-heading-title elementor-size-default\">Om oss<\/h2>\t\t\t\t<\/div>\n\t\t\t\t<div class=\"elementor-element elementor-element-a7d15ea elementor-widget elementor-widget-text-editor\" data-id=\"a7d15ea\" data-element_type=\"widget\" data-e-type=\"widget\" data-widget_type=\"text-editor.default\">\n\t\t\t\t\t\t\t\t\t<p data-start=\"219\" data-end=\"636\">Xpipe ble etablert med et tydelig oppdrag: \u00e5 bruke avansert inspeksjonsteknologi for \u00e5 m\u00f8te en av Norges raskest voksende infrastrukturutfordringer \u2013 aldrende vann- og avl\u00f8psnett som haster med \u00e5 rehabiliteres. Over hele landet h\u00e5ndterer kommuner r\u00f8r og hovedledninger som har passert forventet levetid for lenge siden, noe som skaper et \u00f8kende vedlikeholdsetterslep som m\u00e5 tas igjen i l\u00f8pet av de neste 5\u201310 \u00e5rene.<\/p><p data-start=\"219\" data-end=\"636\">Ved \u00e5 kombinere innovative inspeksjonsmetoder, spesialisert utstyr og solid bransjeerfaring gir Xpipe kommuner og industrikunder en presis, datadrevet forst\u00e5else av tilstanden i de underjordiske nettene. Denne innsikten hjelper beslutningstakere med \u00e5 prioritere riktige tiltak til riktig tid, optimalisere budsjetter og forlenge levetiden til kritisk infrastruktur.<\/p><p data-start=\"219\" data-end=\"636\">For \u00e5 sikre jevnt h\u00f8y kvalitet samarbeider vi tett med et utvalgt nettverk av teknologi- og l\u00f8sningspartnere. V\u00e5re n\u00f8kkelpartnere leverer toppmoderne kapasitet innen inspeksjon, databehandling og beslutningsst\u00f8tte.<\/p>\t\t\t\t\t\t\t\t<\/div>\n\t\t\t\t<div class=\"elementor-element elementor-element-97f0802 elementor-align-center elementor-widget elementor-widget-button\" data-id=\"97f0802\" data-element_type=\"widget\" data-e-type=\"widget\" data-widget_type=\"button.default\">\n\t\t\t\t\t\t\t\t\t\t<a class=\"elementor-button elementor-button-link elementor-size-sm\" href=\"https:\/\/xpipe.no\/index.php\/nb\/kontakt\/\">\n\t\t\t\t\t\t<span class=\"elementor-button-content-wrapper\">\n\t\t\t\t\t\t\t\t\t<span class=\"elementor-button-text\">Kontakt oss<\/span>\n\t\t\t\t\t<\/span>\n\t\t\t\t\t<\/a>\n\t\t\t\t\t\t\t\t<\/div>\n\t\t\t\t<\/div>\n\t\t\t\t\t<\/div>\n\t\t\t\t<\/div>\n\t\t\t\t<\/div>\n\t\t","protected":false},"excerpt":{"rendered":"<p>Om Xpipe Kontakt oss Om oss Xpipe ble etablert med et tydelig oppdrag: \u00e5 bruke avansert inspeksjonsteknologi for \u00e5 m\u00f8te en av Norges raskest voksende infrastrukturutfordringer \u2013 aldrende vann- og avl\u00f8psnett som haster med \u00e5 rehabiliteres. Over hele landet h\u00e5ndterer kommuner r\u00f8r og hovedledninger som har passert forventet levetid for lenge siden, noe som skaper [&hellip;]<\/p>\n","protected":false},"author":1,"featured_media":570,"parent":0,"menu_order":4,"comment_status":"closed","ping_status":"closed","template":"","meta":{"footnotes":""},"class_list":["post-1000","page","type-page","status-publish","has-post-thumbnail","hentry"],"yoast_head":"<!-- This site is optimized with the Yoast SEO plugin v27.1.1 - https:\/\/yoast.com\/product\/yoast-seo-wordpress\/ -->\n<title>Om Xpipe | Eksperter p\u00e5 r\u00f8rinspeksjon i Norge - Xpipe<\/title>\n<meta name=\"description\" content=\"Xpipe kombinerer avansert inspeksjonsteknologi og datadrevet analyse for \u00e5 hjelpe norske kommuner og industri med \u00e5 prioritere infrastrukturbehov.\" \/>\n<meta name=\"robots\" content=\"index, follow, max-snippet:-1, max-image-preview:large, max-video-preview:-1\" \/>\n<link rel=\"canonical\" href=\"https:\/\/xpipe.no\/index.php\/nb\/om-xpipe\/\" \/>\n<meta property=\"og:locale\" content=\"en_US\" \/>\n<meta property=\"og:type\" content=\"article\" \/>\n<meta property=\"og:title\" content=\"Om Xpipe | Eksperter p\u00e5 r\u00f8rinspeksjon i Norge - Xpipe\" \/>\n<meta property=\"og:description\" content=\"Xpipe kombinerer avansert inspeksjonsteknologi og datadrevet analyse for \u00e5 hjelpe norske kommuner og industri med \u00e5 prioritere infrastrukturbehov.\" \/>\n<meta property=\"og:url\" content=\"https:\/\/xpipe.no\/index.php\/nb\/om-xpipe\/\" \/>\n<meta property=\"og:site_name\" content=\"Xpipe\" \/>\n<meta property=\"article:modified_time\" content=\"2026-02-14T12:35:58+00:00\" \/>\n<meta property=\"og:image\" content=\"https:\/\/xpipe.no\/wp-content\/uploads\/2025\/12\/Sewer-Screening-Airport3.png\" \/>\n\t<meta property=\"og:image:width\" content=\"1024\" \/>\n\t<meta property=\"og:image:height\" content=\"600\" \/>\n\t<meta property=\"og:image:type\" content=\"image\/png\" \/>\n<meta name=\"twitter:card\" content=\"summary_large_image\" \/>\n<meta name=\"twitter:label1\" content=\"Est. reading time\" \/>\n\t<meta name=\"twitter:data1\" content=\"1 minute\" \/>\n<script type=\"application\/ld+json\" class=\"yoast-schema-graph\">{\"@context\":\"https:\/\/schema.org\",\"@graph\":[{\"@type\":\"WebPage\",\"@id\":\"https:\/\/xpipe.no\/index.php\/nb\/om-xpipe\/\",\"url\":\"https:\/\/xpipe.no\/index.php\/nb\/om-xpipe\/\",\"name\":\"Om Xpipe | Eksperter p\u00e5 r\u00f8rinspeksjon i Norge - Xpipe\",\"isPartOf\":{\"@id\":\"https:\/\/xpipe.no\/#website\"},\"primaryImageOfPage\":{\"@id\":\"https:\/\/xpipe.no\/index.php\/nb\/om-xpipe\/#primaryimage\"},\"image\":{\"@id\":\"https:\/\/xpipe.no\/index.php\/nb\/om-xpipe\/#primaryimage\"},\"thumbnailUrl\":\"https:\/\/xpipe.no\/wp-content\/uploads\/2025\/12\/Sewer-Screening-Airport3.png\",\"datePublished\":\"2026-02-14T05:15:59+00:00\",\"dateModified\":\"2026-02-14T12:35:58+00:00\",\"description\":\"Xpipe kombinerer avansert inspeksjonsteknologi og datadrevet analyse for \u00e5 hjelpe norske kommuner og industri med \u00e5 prioritere infrastrukturbehov.\",\"breadcrumb\":{\"@id\":\"https:\/\/xpipe.no\/index.php\/nb\/om-xpipe\/#breadcrumb\"},\"inLanguage\":\"en-US\",\"potentialAction\":[{\"@type\":\"ReadAction\",\"target\":[\"https:\/\/xpipe.no\/index.php\/nb\/om-xpipe\/\"]}]},{\"@type\":\"ImageObject\",\"inLanguage\":\"en-US\",\"@id\":\"https:\/\/xpipe.no\/index.php\/nb\/om-xpipe\/#primaryimage\",\"url\":\"https:\/\/xpipe.no\/wp-content\/uploads\/2025\/12\/Sewer-Screening-Airport3.png\",\"contentUrl\":\"https:\/\/xpipe.no\/wp-content\/uploads\/2025\/12\/Sewer-Screening-Airport3.png\",\"width\":1024,\"height\":600},{\"@type\":\"BreadcrumbList\",\"@id\":\"https:\/\/xpipe.no\/index.php\/nb\/om-xpipe\/#breadcrumb\",\"itemListElement\":[{\"@type\":\"ListItem\",\"position\":1,\"name\":\"Home\",\"item\":\"https:\/\/xpipe.no\/\"},{\"@type\":\"ListItem\",\"position\":2,\"name\":\"Om Xpipe | Eksperter p\u00e5 r\u00f8rinspeksjon i Norge\"}]},{\"@type\":\"WebSite\",\"@id\":\"https:\/\/xpipe.no\/#website\",\"url\":\"https:\/\/xpipe.no\/\",\"name\":\"Xpipe\",\"description\":\"\",\"publisher\":{\"@id\":\"https:\/\/xpipe.no\/#organization\"},\"potentialAction\":[{\"@type\":\"SearchAction\",\"target\":{\"@type\":\"EntryPoint\",\"urlTemplate\":\"https:\/\/xpipe.no\/?s={search_term_string}\"},\"query-input\":{\"@type\":\"PropertyValueSpecification\",\"valueRequired\":true,\"valueName\":\"search_term_string\"}}],\"inLanguage\":\"en-US\"},{\"@type\":\"Organization\",\"@id\":\"https:\/\/xpipe.no\/#organization\",\"name\":\"Xpipe\",\"url\":\"https:\/\/xpipe.no\/\",\"logo\":{\"@type\":\"ImageObject\",\"inLanguage\":\"en-US\",\"@id\":\"https:\/\/xpipe.no\/#\/schema\/logo\/image\/\",\"url\":\"https:\/\/xpipe.no\/wp-content\/uploads\/2025\/11\/xpipe_logo_white.svg\",\"contentUrl\":\"https:\/\/xpipe.no\/wp-content\/uploads\/2025\/11\/xpipe_logo_white.svg\",\"width\":308,\"height\":143,\"caption\":\"Xpipe\"},\"image\":{\"@id\":\"https:\/\/xpipe.no\/#\/schema\/logo\/image\/\"}}]}<\/script>\n<!-- \/ Yoast SEO plugin. -->","yoast_head_json":{"title":"Om Xpipe | Eksperter p\u00e5 r\u00f8rinspeksjon i Norge - Xpipe","description":"Xpipe kombinerer avansert inspeksjonsteknologi og datadrevet analyse for \u00e5 hjelpe norske kommuner og industri med \u00e5 prioritere infrastrukturbehov.","robots":{"index":"index","follow":"follow","max-snippet":"max-snippet:-1","max-image-preview":"max-image-preview:large","max-video-preview":"max-video-preview:-1"},"canonical":"https:\/\/xpipe.no\/index.php\/nb\/om-xpipe\/","og_locale":"en_US","og_type":"article","og_title":"Om Xpipe | Eksperter p\u00e5 r\u00f8rinspeksjon i Norge - Xpipe","og_description":"Xpipe kombinerer avansert inspeksjonsteknologi og datadrevet analyse for \u00e5 hjelpe norske kommuner og industri med \u00e5 prioritere infrastrukturbehov.","og_url":"https:\/\/xpipe.no\/index.php\/nb\/om-xpipe\/","og_site_name":"Xpipe","article_modified_time":"2026-02-14T12:35:58+00:00","og_image":[{"width":1024,"height":600,"url":"https:\/\/xpipe.no\/wp-content\/uploads\/2025\/12\/Sewer-Screening-Airport3.png","type":"image\/png"}],"twitter_card":"summary_large_image","twitter_misc":{"Est. reading time":"1 minute"},"schema":{"@context":"https:\/\/schema.org","@graph":[{"@type":"WebPage","@id":"https:\/\/xpipe.no\/index.php\/nb\/om-xpipe\/","url":"https:\/\/xpipe.no\/index.php\/nb\/om-xpipe\/","name":"Om Xpipe | Eksperter p\u00e5 r\u00f8rinspeksjon i Norge - Xpipe","isPartOf":{"@id":"https:\/\/xpipe.no\/#website"},"primaryImageOfPage":{"@id":"https:\/\/xpipe.no\/index.php\/nb\/om-xpipe\/#primaryimage"},"image":{"@id":"https:\/\/xpipe.no\/index.php\/nb\/om-xpipe\/#primaryimage"},"thumbnailUrl":"https:\/\/xpipe.no\/wp-content\/uploads\/2025\/12\/Sewer-Screening-Airport3.png","datePublished":"2026-02-14T05:15:59+00:00","dateModified":"2026-02-14T12:35:58+00:00","description":"Xpipe kombinerer avansert inspeksjonsteknologi og datadrevet analyse for \u00e5 hjelpe norske kommuner og industri med \u00e5 prioritere infrastrukturbehov.","breadcrumb":{"@id":"https:\/\/xpipe.no\/index.php\/nb\/om-xpipe\/#breadcrumb"},"inLanguage":"en-US","potentialAction":[{"@type":"ReadAction","target":["https:\/\/xpipe.no\/index.php\/nb\/om-xpipe\/"]}]},{"@type":"ImageObject","inLanguage":"en-US","@id":"https:\/\/xpipe.no\/index.php\/nb\/om-xpipe\/#primaryimage","url":"https:\/\/xpipe.no\/wp-content\/uploads\/2025\/12\/Sewer-Screening-Airport3.png","contentUrl":"https:\/\/xpipe.no\/wp-content\/uploads\/2025\/12\/Sewer-Screening-Airport3.png","width":1024,"height":600},{"@type":"BreadcrumbList","@id":"https:\/\/xpipe.no\/index.php\/nb\/om-xpipe\/#breadcrumb","itemListElement":[{"@type":"ListItem","position":1,"name":"Home","item":"https:\/\/xpipe.no\/"},{"@type":"ListItem","position":2,"name":"Om Xpipe | Eksperter p\u00e5 r\u00f8rinspeksjon i Norge"}]},{"@type":"WebSite","@id":"https:\/\/xpipe.no\/#website","url":"https:\/\/xpipe.no\/","name":"Xpipe","description":"","publisher":{"@id":"https:\/\/xpipe.no\/#organization"},"potentialAction":[{"@type":"SearchAction","target":{"@type":"EntryPoint","urlTemplate":"https:\/\/xpipe.no\/?s={search_term_string}"},"query-input":{"@type":"PropertyValueSpecification","valueRequired":true,"valueName":"search_term_string"}}],"inLanguage":"en-US"},{"@type":"Organization","@id":"https:\/\/xpipe.no\/#organization","name":"Xpipe","url":"https:\/\/xpipe.no\/","logo":{"@type":"ImageObject","inLanguage":"en-US","@id":"https:\/\/xpipe.no\/#\/schema\/logo\/image\/","url":"https:\/\/xpipe.no\/wp-content\/uploads\/2025\/11\/xpipe_logo_white.svg","contentUrl":"https:\/\/xpipe.no\/wp-content\/uploads\/2025\/11\/xpipe_logo_white.svg","width":308,"height":143,"caption":"Xpipe"},"image":{"@id":"https:\/\/xpipe.no\/#\/schema\/logo\/image\/"}}]}},"_links":{"self":[{"href":"https:\/\/xpipe.no\/index.php\/wp-json\/wp\/v2\/pages\/1000","targetHints":{"allow":["GET"]}}],"collection":[{"href":"https:\/\/xpipe.no\/index.php\/wp-json\/wp\/v2\/pages"}],"about":[{"href":"https:\/\/xpipe.no\/index.php\/wp-json\/wp\/v2\/types\/page"}],"author":[{"embeddable":true,"href":"https:\/\/xpipe.no\/index.php\/wp-json\/wp\/v2\/users\/1"}],"replies":[{"embeddable":true,"href":"https:\/\/xpipe.no\/index.php\/wp-json\/wp\/v2\/comments?post=1000"}],"version-history":[{"count":12,"href":"https:\/\/xpipe.no\/index.php\/wp-json\/wp\/v2\/pages\/1000\/revisions"}],"predecessor-version":[{"id":1127,"href":"https:\/\/xpipe.no\/index.php\/wp-json\/wp\/v2\/pages\/1000\/revisions\/1127"}],"wp:featuredmedia":[{"embeddable":true,"href":"https:\/\/xpipe.no\/index.php\/wp-json\/wp\/v2\/media\/570"}],"wp:attachment":[{"href":"https:\/\/xpipe.no\/index.php\/wp-json\/wp\/v2\/media?parent=1000"}],"curies":[{"name":"wp","href":"https:\/\/api.w.org\/{rel}","templated":true}]}}